{"id":183,"date":"2023-01-01T05:49:12","date_gmt":"2023-01-01T04:49:12","guid":{"rendered":"https:\/\/www.lespigeonsvoyageurs.fr\/pvc\/?page_id=183"},"modified":"2026-01-04T18:27:31","modified_gmt":"2026-01-04T17:27:31","slug":"clubs-castres-identite","status":"publish","type":"page","link":"https:\/\/www.lespigeonsvoyageurs.fr\/pvc\/clubs-castres-identite\/","title":{"rendered":"Clubs-Castres-Identit\u00e9"},"content":{"rendered":"\t\t<div data-elementor-type=\"wp-page\" data-elementor-id=\"183\" class=\"elementor elementor-183\">\n\t\t\t\t\t\t<section class=\"elementor-section elementor-top-section elementor-element elementor-element-54fc2bb elementor-section-boxed elementor-section-height-default elementor-section-height-default\" data-id=\"54fc2bb\" data-element_type=\"section\">\n\t\t\t\t\t\t<div class=\"elementor-container elementor-column-gap-default\">\n\t\t\t\t\t<div class=\"elementor-column elementor-col-100 elementor-top-column elementor-element elementor-element-0474790\" data-id=\"0474790\" data-element_type=\"column\">\n\t\t\t<div class=\"elementor-widget-wrap elementor-element-populated\">\n\t\t\t\t\t\t<div class=\"elementor-element elementor-element-b537a1c elementor-widget elementor-widget-heading\" data-id=\"b537a1c\" data-element_type=\"widget\" data-widget_type=\"heading.default\">\n\t\t\t\t<div class=\"elementor-widget-container\">\n\t\t\t\t\t<h2 class=\"elementor-heading-title elementor-size-default\">Les Pigeons Voyageurs de CASTRES<\/h2>\t\t\t\t<\/div>\n\t\t\t\t<\/div>\n\t\t\t\t\t<\/div>\n\t\t<\/div>\n\t\t\t\t\t<\/div>\n\t\t<\/section>\n\t\t\t\t<section class=\"elementor-section elementor-top-section elementor-element elementor-element-00e11d7 elementor-reverse-mobile elementor-section-boxed elementor-section-height-default elementor-section-height-default\" data-id=\"00e11d7\" data-element_type=\"section\">\n\t\t\t\t\t\t<div class=\"elementor-container elementor-column-gap-default\">\n\t\t\t\t\t<div class=\"elementor-column elementor-col-50 elementor-top-column elementor-element elementor-element-1efdb4d\" data-id=\"1efdb4d\" data-element_type=\"column\">\n\t\t\t<div class=\"elementor-widget-wrap elementor-element-populated\">\n\t\t\t\t\t\t<div class=\"elementor-element elementor-element-ab95c1e elementor-widget elementor-widget-image\" data-id=\"ab95c1e\" data-element_type=\"widget\" data-widget_type=\"image.default\">\n\t\t\t\t<div class=\"elementor-widget-container\">\n\t\t\t\t\t\t\t\t\t\t\t\t\t\t\t<img fetchpriority=\"high\" decoding=\"async\" width=\"500\" height=\"300\" src=\"https:\/\/www.lespigeonsvoyageurs.fr\/pvc\/wp-content\/uploads\/2023\/01\/castresmaisonagout.jpg\" class=\"attachment-full size-full wp-image-167\" alt=\"\" srcset=\"https:\/\/www.lespigeonsvoyageurs.fr\/pvc\/wp-content\/uploads\/2023\/01\/castresmaisonagout.jpg 500w, https:\/\/www.lespigeonsvoyageurs.fr\/pvc\/wp-content\/uploads\/2023\/01\/castresmaisonagout-300x180.jpg 300w\" sizes=\"(max-width: 500px) 100vw, 500px\" \/>\t\t\t\t\t\t\t\t\t\t\t\t\t\t\t<\/div>\n\t\t\t\t<\/div>\n\t\t\t\t\t<\/div>\n\t\t<\/div>\n\t\t\t\t<div class=\"elementor-column elementor-col-50 elementor-top-column elementor-element elementor-element-4213286\" data-id=\"4213286\" data-element_type=\"column\">\n\t\t\t<div class=\"elementor-widget-wrap elementor-element-populated\">\n\t\t\t\t\t\t<div class=\"elementor-element elementor-element-36a6dee elementor-widget elementor-widget-text-editor\" data-id=\"36a6dee\" data-element_type=\"widget\" data-widget_type=\"text-editor.default\">\n\t\t\t\t<div class=\"elementor-widget-container\">\n\t\t\t\t\t\t\t\t\t<p style=\"text-align: center;\"><strong style=\"font-family: var( --e-global-typography-text-font-family ), Sans-serif; font-style: inherit;\">Si\u00e8ge Social:<\/strong><span style=\"background-color: var(--ast-global-color-5); font-family: var( --e-global-typography-text-font-family ), Sans-serif; font-style: inherit; font-weight: inherit;\">\u00a0 \u00a0<br \/>Maison des associations\u00a0<br \/><\/span><span style=\"background-color: var(--ast-global-color-5); font-family: var( --e-global-typography-text-font-family ), Sans-serif; font-style: inherit; font-weight: inherit;\">Place du 1\u00b0 Mai<br \/><\/span><span style=\"background-color: var(--ast-global-color-5); font-family: var( --e-global-typography-text-font-family ), Sans-serif; font-style: inherit; font-weight: inherit;\">81100 CASTRES.<\/span><\/p><p style=\"text-align: center;\"><strong>Local de mise en loges:<\/strong><br \/>\u00a0Chez le Pr\u00e9sident<\/p>\t\t\t\t\t\t\t\t<\/div>\n\t\t\t\t<\/div>\n\t\t\t\t<div class=\"elementor-element elementor-element-42a9946 elementor-align-center elementor-widget elementor-widget-button\" data-id=\"42a9946\" data-element_type=\"widget\" data-widget_type=\"button.default\">\n\t\t\t\t<div class=\"elementor-widget-container\">\n\t\t\t\t\t\t\t\t\t<div class=\"elementor-button-wrapper\">\n\t\t\t\t\t<a class=\"elementor-button elementor-button-link elementor-size-sm elementor-animation-grow\" href=\"https:\/\/www.lespigeonsvoyageurs.fr\/pvc\/castres-contact\/\">\n\t\t\t\t\t\t<span class=\"elementor-button-content-wrapper\">\n\t\t\t\t\t\t\t\t\t<span class=\"elementor-button-text\">Nous contacter \/ Nous rejoindre<\/span>\n\t\t\t\t\t<\/span>\n\t\t\t\t\t<\/a>\n\t\t\t\t<\/div>\n\t\t\t\t\t\t\t\t<\/div>\n\t\t\t\t<\/div>\n\t\t\t\t\t<\/div>\n\t\t<\/div>\n\t\t\t\t\t<\/div>\n\t\t<\/section>\n\t\t\t\t<section class=\"elementor-section elementor-top-section elementor-element elementor-element-660f4f7 elementor-section-boxed elementor-section-height-default elementor-section-height-default\" data-id=\"660f4f7\" data-element_type=\"section\">\n\t\t\t\t\t\t<div class=\"elementor-container elementor-column-gap-default\">\n\t\t\t\t\t<div class=\"elementor-column elementor-col-50 elementor-top-column elementor-element elementor-element-52df1e8\" data-id=\"52df1e8\" data-element_type=\"column\">\n\t\t\t<div class=\"elementor-widget-wrap elementor-element-populated\">\n\t\t\t\t\t\t<div class=\"elementor-element elementor-element-2d5f187 elementor-widget elementor-widget-image\" data-id=\"2d5f187\" data-element_type=\"widget\" data-widget_type=\"image.default\">\n\t\t\t\t<div class=\"elementor-widget-container\">\n\t\t\t\t\t\t\t\t\t\t\t\t\t\t\t<img decoding=\"async\" width=\"200\" height=\"300\" src=\"https:\/\/www.lespigeonsvoyageurs.fr\/pvc\/wp-content\/uploads\/2025\/12\/Centenaire2026-200x300.png\" class=\"attachment-medium size-medium wp-image-10261\" alt=\"\" srcset=\"https:\/\/www.lespigeonsvoyageurs.fr\/pvc\/wp-content\/uploads\/2025\/12\/Centenaire2026-200x300.png 200w, https:\/\/www.lespigeonsvoyageurs.fr\/pvc\/wp-content\/uploads\/2025\/12\/Centenaire2026-683x1024.png 683w, https:\/\/www.lespigeonsvoyageurs.fr\/pvc\/wp-content\/uploads\/2025\/12\/Centenaire2026-768x1152.png 768w, https:\/\/www.lespigeonsvoyageurs.fr\/pvc\/wp-content\/uploads\/2025\/12\/Centenaire2026.png 1024w\" sizes=\"(max-width: 200px) 100vw, 200px\" \/>\t\t\t\t\t\t\t\t\t\t\t\t\t\t\t<\/div>\n\t\t\t\t<\/div>\n\t\t\t\t<div class=\"elementor-element elementor-element-91298a8 elementor-widget elementor-widget-text-editor\" data-id=\"91298a8\" data-element_type=\"widget\" data-widget_type=\"text-editor.default\">\n\t\t\t\t<div class=\"elementor-widget-container\">\n\t\t\t\t\t\t\t\t\t<p style=\"text-align: center;\"><span style=\"font-style: inherit; font-weight: inherit; color: var( --e-global-color-secondary ); font-family: var( --e-global-typography-text-font-family ), Sans-serif; background-color: var(--ast-global-color-5);\">Cr\u00e9\u00e9e le 29\/12\/1926.<\/span><\/p>\t\t\t\t\t\t\t\t<\/div>\n\t\t\t\t<\/div>\n\t\t\t\t\t<\/div>\n\t\t<\/div>\n\t\t\t\t<div class=\"elementor-column elementor-col-50 elementor-top-column elementor-element elementor-element-5037fe1\" data-id=\"5037fe1\" data-element_type=\"column\">\n\t\t\t<div class=\"elementor-widget-wrap elementor-element-populated\">\n\t\t\t\t\t\t<div class=\"elementor-element elementor-element-d349691 elementor-widget elementor-widget-text-editor\" data-id=\"d349691\" data-element_type=\"widget\" data-widget_type=\"text-editor.default\">\n\t\t\t\t<div class=\"elementor-widget-container\">\n\t\t\t\t\t\t\t\t\t<p style=\"text-align: center;\"><span style=\"font-style: inherit; font-weight: inherit; color: var( --e-global-color-secondary ); font-family: var( --e-global-typography-text-font-family ), Sans-serif; background-color: var(--ast-global-color-5);\"><br \/><\/span><span style=\"font-style: inherit; font-weight: inherit; color: var( --e-global-color-secondary ); font-family: var( --e-global-typography-text-font-family ), Sans-serif; background-color: var(--ast-global-color-5);\">R\u00e9gie par la loi \u00ab\u00a01901\u00a0\u00bb.<br \/><\/span><span style=\"font-style: inherit; font-weight: inherit; color: var( --e-global-color-secondary ); font-family: var( --e-global-typography-text-font-family ), Sans-serif; background-color: var(--ast-global-color-5);\">F\u00e9d\u00e9ration Colombophile Fran\u00e7aise 81830.<br \/><\/span><span style=\"font-style: inherit; font-weight: inherit; color: var( --e-global-color-secondary ); font-family: var( --e-global-typography-text-font-family ), Sans-serif; background-color: var(--ast-global-color-5);\">RNA W812001820\u00a0 \u00a0<br \/>\u00a0<\/span><span style=\"font-style: inherit; font-weight: inherit; color: var( --e-global-color-secondary ); font-family: var( --e-global-typography-text-font-family ), Sans-serif; background-color: var(--ast-global-color-5);\">APE 9499Z\u00a0 \u00a0\u00a0<\/span><span style=\"font-style: inherit; font-weight: inherit; color: var( --e-global-color-secondary ); font-family: var( --e-global-typography-text-font-family ), Sans-serif; background-color: var(--ast-global-color-5);\">SIRET 752 008 086 00015\u00a0 SIREN 752 008 086<\/span><\/p>\t\t\t\t\t\t\t\t<\/div>\n\t\t\t\t<\/div>\n\t\t\t\t<div class=\"elementor-element elementor-element-a026f03 elementor-align-center elementor-widget elementor-widget-button\" data-id=\"a026f03\" data-element_type=\"widget\" data-widget_type=\"button.default\">\n\t\t\t\t<div class=\"elementor-widget-container\">\n\t\t\t\t\t\t\t\t\t<div class=\"elementor-button-wrapper\">\n\t\t\t\t\t<a class=\"elementor-button elementor-button-link elementor-size-sm elementor-animation-grow\" href=\"https:\/\/www.lespigeonsvoyageurs.fr\/pvc\/wp-content\/uploads\/2023\/10\/PVC201026-Statuts-Types-Association-PVC.pdf\" target=\"_blank\">\n\t\t\t\t\t\t<span class=\"elementor-button-content-wrapper\">\n\t\t\t\t\t\t\t\t\t<span class=\"elementor-button-text\">STATUTS 2020<\/span>\n\t\t\t\t\t<\/span>\n\t\t\t\t\t<\/a>\n\t\t\t\t<\/div>\n\t\t\t\t\t\t\t\t<\/div>\n\t\t\t\t<\/div>\n\t\t\t\t<div class=\"elementor-element elementor-element-9247b29 elementor-align-center elementor-widget elementor-widget-button\" data-id=\"9247b29\" data-element_type=\"widget\" data-widget_type=\"button.default\">\n\t\t\t\t<div class=\"elementor-widget-container\">\n\t\t\t\t\t\t\t\t\t<div class=\"elementor-button-wrapper\">\n\t\t\t\t\t<a class=\"elementor-button elementor-button-link elementor-size-sm elementor-animation-grow\" href=\"https:\/\/www.journal-officiel.gouv.fr\/pages\/associations-detail-annonce\/?q.id=id:202000441442\" target=\"_blank\">\n\t\t\t\t\t\t<span class=\"elementor-button-content-wrapper\">\n\t\t\t\t\t\t\t\t\t<span class=\"elementor-button-text\">J.O. - 31\/12\/2020<\/span>\n\t\t\t\t\t<\/span>\n\t\t\t\t\t<\/a>\n\t\t\t\t<\/div>\n\t\t\t\t\t\t\t\t<\/div>\n\t\t\t\t<\/div>\n\t\t\t\t<div class=\"elementor-element elementor-element-d056888 elementor-align-center elementor-widget elementor-widget-button\" data-id=\"d056888\" data-element_type=\"widget\" data-widget_type=\"button.default\">\n\t\t\t\t<div class=\"elementor-widget-container\">\n\t\t\t\t\t\t\t\t\t<div class=\"elementor-button-wrapper\">\n\t\t\t\t\t<a class=\"elementor-button elementor-button-link elementor-size-sm elementor-animation-grow\" href=\"https:\/\/www.journal-officiel.gouv.fr\/pages\/associations-detail-annonce\/?q.id=id:198402680090\" target=\"_blank\">\n\t\t\t\t\t\t<span class=\"elementor-button-content-wrapper\">\n\t\t\t\t\t\t\t\t\t<span class=\"elementor-button-text\">J.O. - 16\/11\/1984<\/span>\n\t\t\t\t\t<\/span>\n\t\t\t\t\t<\/a>\n\t\t\t\t<\/div>\n\t\t\t\t\t\t\t\t<\/div>\n\t\t\t\t<\/div>\n\t\t\t\t<div class=\"elementor-element elementor-element-52d36b7 elementor-align-center elementor-widget elementor-widget-button\" data-id=\"52d36b7\" data-element_type=\"widget\" data-widget_type=\"button.default\">\n\t\t\t\t<div class=\"elementor-widget-container\">\n\t\t\t\t\t\t\t\t\t<div class=\"elementor-button-wrapper\">\n\t\t\t\t\t<a class=\"elementor-button elementor-button-link elementor-size-sm elementor-animation-grow\" href=\"https:\/\/www.journal-officiel.gouv.fr\/pages\/associations-detail-annonce\/?q.id=id:192700220004\" target=\"_blank\">\n\t\t\t\t\t\t<span class=\"elementor-button-content-wrapper\">\n\t\t\t\t\t\t\t\t\t<span class=\"elementor-button-text\">J.O. - 27\/01\/1927<\/span>\n\t\t\t\t\t<\/span>\n\t\t\t\t\t<\/a>\n\t\t\t\t<\/div>\n\t\t\t\t\t\t\t\t<\/div>\n\t\t\t\t<\/div>\n\t\t\t\t<div class=\"elementor-element elementor-element-01305fd elementor-align-center elementor-widget elementor-widget-button\" data-id=\"01305fd\" data-element_type=\"widget\" data-widget_type=\"button.default\">\n\t\t\t\t<div class=\"elementor-widget-container\">\n\t\t\t\t\t\t\t\t\t<div class=\"elementor-button-wrapper\">\n\t\t\t\t\t<a class=\"elementor-button elementor-button-link elementor-size-sm elementor-animation-grow\" href=\"https:\/\/www.lespigeonsvoyageurs.fr\/pvc\/wp-content\/uploads\/2023\/01\/annoncelegalecreation.pdf\" target=\"_blank\">\n\t\t\t\t\t\t<span class=\"elementor-button-content-wrapper\">\n\t\t\t\t\t\t\t\t\t<span class=\"elementor-button-text\">J.O. - Cr\u00e9ation<\/span>\n\t\t\t\t\t<\/span>\n\t\t\t\t\t<\/a>\n\t\t\t\t<\/div>\n\t\t\t\t\t\t\t\t<\/div>\n\t\t\t\t<\/div>\n\t\t\t\t\t<\/div>\n\t\t<\/div>\n\t\t\t\t\t<\/div>\n\t\t<\/section>\n\t\t\t\t<section class=\"elementor-section elementor-top-section elementor-element elementor-element-5c8aa36 elementor-reverse-mobile elementor-section-boxed elementor-section-height-default elementor-section-height-default\" data-id=\"5c8aa36\" data-element_type=\"section\">\n\t\t\t\t\t\t<div class=\"elementor-container elementor-column-gap-default\">\n\t\t\t\t\t<div class=\"elementor-column elementor-col-50 elementor-top-column elementor-element elementor-element-e6ceb39\" data-id=\"e6ceb39\" data-element_type=\"column\">\n\t\t\t<div class=\"elementor-widget-wrap elementor-element-populated\">\n\t\t\t\t\t\t<div class=\"elementor-element elementor-element-ba964c4 elementor-widget elementor-widget-image\" data-id=\"ba964c4\" data-element_type=\"widget\" data-widget_type=\"image.default\">\n\t\t\t\t<div class=\"elementor-widget-container\">\n\t\t\t\t\t\t\t\t\t\t\t\t\t\t\t<img decoding=\"async\" width=\"1024\" height=\"1024\" src=\"https:\/\/www.lespigeonsvoyageurs.fr\/pvc\/wp-content\/uploads\/2023\/12\/PVC-DONS.jpeg\" class=\"attachment-large size-large wp-image-4116\" alt=\"\" srcset=\"https:\/\/www.lespigeonsvoyageurs.fr\/pvc\/wp-content\/uploads\/2023\/12\/PVC-DONS.jpeg 1024w, https:\/\/www.lespigeonsvoyageurs.fr\/pvc\/wp-content\/uploads\/2023\/12\/PVC-DONS-300x300.jpeg 300w, https:\/\/www.lespigeonsvoyageurs.fr\/pvc\/wp-content\/uploads\/2023\/12\/PVC-DONS-150x150.jpeg 150w, https:\/\/www.lespigeonsvoyageurs.fr\/pvc\/wp-content\/uploads\/2023\/12\/PVC-DONS-768x768.jpeg 768w\" sizes=\"(max-width: 1024px) 100vw, 1024px\" \/>\t\t\t\t\t\t\t\t\t\t\t\t\t\t\t<\/div>\n\t\t\t\t<\/div>\n\t\t\t\t\t<\/div>\n\t\t<\/div>\n\t\t\t\t<div class=\"elementor-column elementor-col-50 elementor-top-column elementor-element elementor-element-3bd586b\" data-id=\"3bd586b\" data-element_type=\"column\">\n\t\t\t<div class=\"elementor-widget-wrap elementor-element-populated\">\n\t\t\t\t\t\t<div class=\"elementor-element elementor-element-13dcd2e elementor-widget elementor-widget-text-editor\" data-id=\"13dcd2e\" data-element_type=\"widget\" data-widget_type=\"text-editor.default\">\n\t\t\t\t<div class=\"elementor-widget-container\">\n\t\t\t\t\t\t\t\t\t<p style=\"text-align: center;\"><span style=\"background-color: var(--ast-global-color-5); color: var( --e-global-color-text ); font-family: var( --e-global-typography-text-font-family ), Sans-serif; font-size: 20px; font-style: inherit; font-weight: inherit;\"><strong>Les dons:<\/strong>\u00a0 \u00a0 \u00a0\u00a0<\/span><\/p><p><span style=\"background-color: var(--ast-global-color-5); color: var( --e-global-color-text ); font-family: var( --e-global-typography-text-font-family ), Sans-serif; font-size: 20px; font-style: inherit; font-weight: inherit;\">Ils permettent d&rsquo;accueillir des nouveaux amateurs dans les meilleures conditions<\/span><\/p>\t\t\t\t\t\t\t\t<\/div>\n\t\t\t\t<\/div>\n\t\t\t\t\t<\/div>\n\t\t<\/div>\n\t\t\t\t\t<\/div>\n\t\t<\/section>\n\t\t\t\t<\/div>\n\t\t","protected":false},"excerpt":{"rendered":"<p>Les Pigeons Voyageurs de CASTRES Si\u00e8ge Social:\u00a0 \u00a0Maison des associations\u00a0Place du 1\u00b0 Mai81100 CASTRES. Local de mise en loges:\u00a0Chez le Pr\u00e9sident Nous contacter \/ Nous rejoindre Cr\u00e9\u00e9e le 29\/12\/1926. R\u00e9gie par la loi \u00ab\u00a01901\u00a0\u00bb.F\u00e9d\u00e9ration Colombophile Fran\u00e7aise 81830.RNA W812001820\u00a0 \u00a0\u00a0APE 9499Z\u00a0 \u00a0\u00a0SIRET 752 008 086 00015\u00a0 SIREN 752 008 086 STATUTS 2020 J.O. &#8211; 31\/12\/2020 J.O. &hellip;<\/p>\n<p class=\"read-more\"> <a class=\"\" href=\"https:\/\/www.lespigeonsvoyageurs.fr\/pvc\/clubs-castres-identite\/\"> <span class=\"screen-reader-text\">Clubs-Castres-Identit\u00e9<\/span> Lire la suite\u00a0\u00bb<\/a><\/p>\n","protected":false},"author":1,"featured_media":0,"parent":0,"menu_order":0,"comment_status":"closed","ping_status":"closed","template":"","meta":{"site-sidebar-layout":"no-sidebar","site-content-layout":"page-builder","ast-global-header-display":"","ast-main-header-display":"","ast-hfb-above-header-display":"","ast-hfb-below-header-display":"","ast-hfb-mobile-header-display":"","site-post-title":"disabled","ast-breadcrumbs-content":"","ast-featured-img":"disabled","footer-sml-layout":"","theme-transparent-header-meta":"","adv-header-id-meta":"","stick-header-meta":"","header-above-stick-meta":"","header-main-stick-meta":"","header-below-stick-meta":"","footnotes":""},"class_list":["post-183","page","type-page","status-publish","hentry"],"_links":{"self":[{"href":"https:\/\/www.lespigeonsvoyageurs.fr\/pvc\/wp-json\/wp\/v2\/pages\/183","targetHints":{"allow":["GET"]}}],"collection":[{"href":"https:\/\/www.lespigeonsvoyageurs.fr\/pvc\/wp-json\/wp\/v2\/pages"}],"about":[{"href":"https:\/\/www.lespigeonsvoyageurs.fr\/pvc\/wp-json\/wp\/v2\/types\/page"}],"author":[{"embeddable":true,"href":"https:\/\/www.lespigeonsvoyageurs.fr\/pvc\/wp-json\/wp\/v2\/users\/1"}],"replies":[{"embeddable":true,"href":"https:\/\/www.lespigeonsvoyageurs.fr\/pvc\/wp-json\/wp\/v2\/comments?post=183"}],"version-history":[{"count":88,"href":"https:\/\/www.lespigeonsvoyageurs.fr\/pvc\/wp-json\/wp\/v2\/pages\/183\/revisions"}],"predecessor-version":[{"id":10359,"href":"https:\/\/www.lespigeonsvoyageurs.fr\/pvc\/wp-json\/wp\/v2\/pages\/183\/revisions\/10359"}],"wp:attachment":[{"href":"https:\/\/www.lespigeonsvoyageurs.fr\/pvc\/wp-json\/wp\/v2\/media?parent=183"}],"curies":[{"name":"wp","href":"https:\/\/api.w.org\/{rel}","templated":true}]}}