{"id":187,"date":"2023-01-01T05:50:28","date_gmt":"2023-01-01T04:50:28","guid":{"rendered":"https:\/\/www.lespigeonsvoyageurs.fr\/pvc\/?page_id=187"},"modified":"2023-10-01T22:06:45","modified_gmt":"2023-10-01T20:06:45","slug":"clubs-albi-media","status":"publish","type":"page","link":"https:\/\/www.lespigeonsvoyageurs.fr\/pvc\/clubs-albi-media\/","title":{"rendered":"Clubs-Albi-M\u00e9dia"},"content":{"rendered":"\t\t<div data-elementor-type=\"wp-page\" data-elementor-id=\"187\" class=\"elementor elementor-187\">\n\t\t\t\t\t\t<section class=\"elementor-section elementor-top-section elementor-element elementor-element-ae99325 elementor-section-boxed elementor-section-height-default elementor-section-height-default\" data-id=\"ae99325\" data-element_type=\"section\">\n\t\t\t\t\t\t<div class=\"elementor-container elementor-column-gap-default\">\n\t\t\t\t\t<div class=\"elementor-column elementor-col-100 elementor-top-column elementor-element elementor-element-6103299\" data-id=\"6103299\" data-element_type=\"column\">\n\t\t\t<div class=\"elementor-widget-wrap elementor-element-populated\">\n\t\t\t\t\t\t<div class=\"elementor-element elementor-element-f0543e7 elementor-widget elementor-widget-heading\" data-id=\"f0543e7\" data-element_type=\"widget\" data-widget_type=\"heading.default\">\n\t\t\t\t<div class=\"elementor-widget-container\">\n\t\t\t\t\t<h2 class=\"elementor-heading-title elementor-size-default\">La Colombe Albigeoise<\/h2>\t\t\t\t<\/div>\n\t\t\t\t<\/div>\n\t\t\t\t\t<\/div>\n\t\t<\/div>\n\t\t\t\t\t<\/div>\n\t\t<\/section>\n\t\t\t\t<section class=\"elementor-section elementor-top-section elementor-element elementor-element-38658ca elementor-section-boxed elementor-section-height-default elementor-section-height-default\" data-id=\"38658ca\" data-element_type=\"section\">\n\t\t\t\t\t\t<div class=\"elementor-container elementor-column-gap-default\">\n\t\t\t\t\t<div class=\"elementor-column elementor-col-100 elementor-top-column elementor-element elementor-element-5802d95\" data-id=\"5802d95\" data-element_type=\"column\">\n\t\t\t<div class=\"elementor-widget-wrap elementor-element-populated\">\n\t\t\t\t\t\t<div class=\"elementor-element elementor-element-24323e8 elementor-widget elementor-widget-heading\" data-id=\"24323e8\" data-element_type=\"widget\" data-widget_type=\"heading.default\">\n\t\t\t\t<div class=\"elementor-widget-container\">\n\t\t\t\t\t<h2 class=\"elementor-heading-title elementor-size-large\">Les champions<\/h2>\t\t\t\t<\/div>\n\t\t\t\t<\/div>\n\t\t\t\t\t<\/div>\n\t\t<\/div>\n\t\t\t\t\t<\/div>\n\t\t<\/section>\n\t\t\t\t<section class=\"elementor-section elementor-top-section elementor-element elementor-element-49399e4 elementor-section-boxed elementor-section-height-default elementor-section-height-default\" data-id=\"49399e4\" data-element_type=\"section\">\n\t\t\t\t\t\t<div class=\"elementor-container elementor-column-gap-default\">\n\t\t\t\t\t<div class=\"elementor-column elementor-col-50 elementor-top-column elementor-element elementor-element-e23f59c\" data-id=\"e23f59c\" data-element_type=\"column\">\n\t\t\t<div class=\"elementor-widget-wrap elementor-element-populated\">\n\t\t\t\t\t\t<div class=\"elementor-element elementor-element-3500653 elementor-widget elementor-widget-image\" data-id=\"3500653\" data-element_type=\"widget\" data-widget_type=\"image.default\">\n\t\t\t\t<div class=\"elementor-widget-container\">\n\t\t\t\t\t\t\t\t\t\t\t\t<figure class=\"wp-caption\">\n\t\t\t\t\t\t\t\t\t\t<img fetchpriority=\"high\" decoding=\"async\" width=\"1024\" height=\"577\" src=\"https:\/\/www.lespigeonsvoyageurs.fr\/pvc\/wp-content\/uploads\/2023\/10\/20231001_20.36.38_28faba81-1024x577.jpg\" class=\"attachment-large size-large wp-image-3894\" alt=\"\" srcset=\"https:\/\/www.lespigeonsvoyageurs.fr\/pvc\/wp-content\/uploads\/2023\/10\/20231001_20.36.38_28faba81-1024x577.jpg 1024w, https:\/\/www.lespigeonsvoyageurs.fr\/pvc\/wp-content\/uploads\/2023\/10\/20231001_20.36.38_28faba81-300x169.jpg 300w, https:\/\/www.lespigeonsvoyageurs.fr\/pvc\/wp-content\/uploads\/2023\/10\/20231001_20.36.38_28faba81-768x432.jpg 768w, https:\/\/www.lespigeonsvoyageurs.fr\/pvc\/wp-content\/uploads\/2023\/10\/20231001_20.36.38_28faba81-1536x865.jpg 1536w, https:\/\/www.lespigeonsvoyageurs.fr\/pvc\/wp-content\/uploads\/2023\/10\/20231001_20.36.38_28faba81.jpg 1600w\" sizes=\"(max-width: 1024px) 100vw, 1024px\" \/>\t\t\t\t\t\t\t\t\t\t\t<figcaption class=\"widget-image-caption wp-caption-text\">Remise des prix intersoci\u00e9t\u00e9s Albi-Castres 2023<\/figcaption>\n\t\t\t\t\t\t\t\t\t\t<\/figure>\n\t\t\t\t\t\t\t\t\t<\/div>\n\t\t\t\t<\/div>\n\t\t\t\t\t<\/div>\n\t\t<\/div>\n\t\t\t\t<div class=\"elementor-column elementor-col-50 elementor-top-column elementor-element elementor-element-1d66d39\" data-id=\"1d66d39\" data-element_type=\"column\">\n\t\t\t<div class=\"elementor-widget-wrap elementor-element-populated\">\n\t\t\t\t\t\t<div class=\"elementor-element elementor-element-35e56c3 elementor-widget elementor-widget-image\" data-id=\"35e56c3\" data-element_type=\"widget\" data-widget_type=\"image.default\">\n\t\t\t\t<div class=\"elementor-widget-container\">\n\t\t\t\t\t\t\t\t\t\t\t\t<figure class=\"wp-caption\">\n\t\t\t\t\t\t\t\t\t\t<img decoding=\"async\" width=\"2560\" height=\"1920\" src=\"https:\/\/www.lespigeonsvoyageurs.fr\/pvc\/wp-content\/uploads\/2023\/10\/20231001_135338-scaled.jpg\" class=\"attachment-full size-full wp-image-3895\" alt=\"\" srcset=\"https:\/\/www.lespigeonsvoyageurs.fr\/pvc\/wp-content\/uploads\/2023\/10\/20231001_135338-scaled.jpg 2560w, https:\/\/www.lespigeonsvoyageurs.fr\/pvc\/wp-content\/uploads\/2023\/10\/20231001_135338-300x225.jpg 300w, https:\/\/www.lespigeonsvoyageurs.fr\/pvc\/wp-content\/uploads\/2023\/10\/20231001_135338-1024x768.jpg 1024w, https:\/\/www.lespigeonsvoyageurs.fr\/pvc\/wp-content\/uploads\/2023\/10\/20231001_135338-768x576.jpg 768w, https:\/\/www.lespigeonsvoyageurs.fr\/pvc\/wp-content\/uploads\/2023\/10\/20231001_135338-1536x1152.jpg 1536w, https:\/\/www.lespigeonsvoyageurs.fr\/pvc\/wp-content\/uploads\/2023\/10\/20231001_135338-2048x1536.jpg 2048w\" sizes=\"(max-width: 2560px) 100vw, 2560px\" \/>\t\t\t\t\t\t\t\t\t\t\t<figcaption class=\"widget-image-caption wp-caption-text\">Remise des prix intersoci\u00e9t\u00e9s Albi-Castres 2023<\/figcaption>\n\t\t\t\t\t\t\t\t\t\t<\/figure>\n\t\t\t\t\t\t\t\t\t<\/div>\n\t\t\t\t<\/div>\n\t\t\t\t\t<\/div>\n\t\t<\/div>\n\t\t\t\t\t<\/div>\n\t\t<\/section>\n\t\t\t\t<section class=\"elementor-section elementor-top-section elementor-element elementor-element-7e7f475 elementor-section-boxed elementor-section-height-default elementor-section-height-default\" data-id=\"7e7f475\" data-element_type=\"section\">\n\t\t\t\t\t\t<div class=\"elementor-container elementor-column-gap-default\">\n\t\t\t\t\t<div class=\"elementor-column elementor-col-50 elementor-top-column elementor-element elementor-element-dee7896\" data-id=\"dee7896\" data-element_type=\"column\">\n\t\t\t<div class=\"elementor-widget-wrap elementor-element-populated\">\n\t\t\t\t\t\t<div class=\"elementor-element elementor-element-be6a783 elementor-widget elementor-widget-image\" data-id=\"be6a783\" data-element_type=\"widget\" data-widget_type=\"image.default\">\n\t\t\t\t<div class=\"elementor-widget-container\">\n\t\t\t\t\t\t\t\t\t\t\t\t<figure class=\"wp-caption\">\n\t\t\t\t\t\t\t\t\t\t<img decoding=\"async\" width=\"1024\" height=\"498\" src=\"https:\/\/www.lespigeonsvoyageurs.fr\/pvc\/wp-content\/uploads\/2023\/01\/20221015_110010-1024x498.jpg\" class=\"attachment-large size-large wp-image-280\" alt=\"\" srcset=\"https:\/\/www.lespigeonsvoyageurs.fr\/pvc\/wp-content\/uploads\/2023\/01\/20221015_110010-1024x498.jpg 1024w, https:\/\/www.lespigeonsvoyageurs.fr\/pvc\/wp-content\/uploads\/2023\/01\/20221015_110010-300x146.jpg 300w, https:\/\/www.lespigeonsvoyageurs.fr\/pvc\/wp-content\/uploads\/2023\/01\/20221015_110010-768x373.jpg 768w, https:\/\/www.lespigeonsvoyageurs.fr\/pvc\/wp-content\/uploads\/2023\/01\/20221015_110010-1536x746.jpg 1536w, https:\/\/www.lespigeonsvoyageurs.fr\/pvc\/wp-content\/uploads\/2023\/01\/20221015_110010-2048x995.jpg 2048w\" sizes=\"(max-width: 1024px) 100vw, 1024px\" \/>\t\t\t\t\t\t\t\t\t\t\t<figcaption class=\"widget-image-caption wp-caption-text\">Remise des prix 2022<\/figcaption>\n\t\t\t\t\t\t\t\t\t\t<\/figure>\n\t\t\t\t\t\t\t\t\t<\/div>\n\t\t\t\t<\/div>\n\t\t\t\t\t<\/div>\n\t\t<\/div>\n\t\t\t\t<div class=\"elementor-column elementor-col-50 elementor-top-column elementor-element elementor-element-5feb147\" data-id=\"5feb147\" data-element_type=\"column\">\n\t\t\t<div class=\"elementor-widget-wrap elementor-element-populated\">\n\t\t\t\t\t\t<div class=\"elementor-element elementor-element-fcb5683 elementor-widget elementor-widget-image\" data-id=\"fcb5683\" data-element_type=\"widget\" data-widget_type=\"image.default\">\n\t\t\t\t<div class=\"elementor-widget-container\">\n\t\t\t\t\t\t\t\t\t\t\t\t<figure class=\"wp-caption\">\n\t\t\t\t\t\t\t\t\t\t<img loading=\"lazy\" decoding=\"async\" width=\"768\" height=\"373\" src=\"https:\/\/www.lespigeonsvoyageurs.fr\/pvc\/wp-content\/uploads\/2023\/01\/20190928-120447.jpg\" class=\"attachment-large size-large wp-image-281\" alt=\"\" srcset=\"https:\/\/www.lespigeonsvoyageurs.fr\/pvc\/wp-content\/uploads\/2023\/01\/20190928-120447.jpg 768w, https:\/\/www.lespigeonsvoyageurs.fr\/pvc\/wp-content\/uploads\/2023\/01\/20190928-120447-300x146.jpg 300w\" sizes=\"(max-width: 768px) 100vw, 768px\" \/>\t\t\t\t\t\t\t\t\t\t\t<figcaption class=\"widget-image-caption wp-caption-text\">Remise des prix 2019<\/figcaption>\n\t\t\t\t\t\t\t\t\t\t<\/figure>\n\t\t\t\t\t\t\t\t\t<\/div>\n\t\t\t\t<\/div>\n\t\t\t\t\t<\/div>\n\t\t<\/div>\n\t\t\t\t\t<\/div>\n\t\t<\/section>\n\t\t\t\t<section class=\"elementor-section elementor-top-section elementor-element elementor-element-b8d4bd0 elementor-section-boxed elementor-section-height-default elementor-section-height-default\" data-id=\"b8d4bd0\" data-element_type=\"section\">\n\t\t\t\t\t\t<div class=\"elementor-container elementor-column-gap-default\">\n\t\t\t\t\t<div class=\"elementor-column elementor-col-100 elementor-top-column elementor-element elementor-element-078d02f\" data-id=\"078d02f\" data-element_type=\"column\">\n\t\t\t<div class=\"elementor-widget-wrap elementor-element-populated\">\n\t\t\t\t\t\t<div class=\"elementor-element elementor-element-807a9c7 elementor-widget elementor-widget-heading\" data-id=\"807a9c7\" data-element_type=\"widget\" data-widget_type=\"heading.default\">\n\t\t\t\t<div class=\"elementor-widget-container\">\n\t\t\t\t\t<h2 class=\"elementor-heading-title elementor-size-large\">Les lotos<\/h2>\t\t\t\t<\/div>\n\t\t\t\t<\/div>\n\t\t\t\t\t<\/div>\n\t\t<\/div>\n\t\t\t\t\t<\/div>\n\t\t<\/section>\n\t\t\t\t<section class=\"elementor-section elementor-top-section elementor-element elementor-element-9942494 elementor-section-boxed elementor-section-height-default elementor-section-height-default\" data-id=\"9942494\" data-element_type=\"section\">\n\t\t\t\t\t\t<div class=\"elementor-container elementor-column-gap-default\">\n\t\t\t\t\t<div class=\"elementor-column elementor-col-50 elementor-top-column elementor-element elementor-element-4c1c683\" data-id=\"4c1c683\" data-element_type=\"column\">\n\t\t\t<div class=\"elementor-widget-wrap elementor-element-populated\">\n\t\t\t\t\t\t<div class=\"elementor-element elementor-element-49bd953 elementor-widget elementor-widget-image\" data-id=\"49bd953\" data-element_type=\"widget\" data-widget_type=\"image.default\">\n\t\t\t\t<div class=\"elementor-widget-container\">\n\t\t\t\t\t\t\t\t\t\t\t\t\t\t\t<img loading=\"lazy\" decoding=\"async\" width=\"1024\" height=\"498\" src=\"https:\/\/www.lespigeonsvoyageurs.fr\/pvc\/wp-content\/uploads\/2023\/01\/20221030_163757-1024x498.jpg\" class=\"attachment-large size-large wp-image-276\" alt=\"\" srcset=\"https:\/\/www.lespigeonsvoyageurs.fr\/pvc\/wp-content\/uploads\/2023\/01\/20221030_163757-1024x498.jpg 1024w, https:\/\/www.lespigeonsvoyageurs.fr\/pvc\/wp-content\/uploads\/2023\/01\/20221030_163757-300x146.jpg 300w, https:\/\/www.lespigeonsvoyageurs.fr\/pvc\/wp-content\/uploads\/2023\/01\/20221030_163757-768x374.jpg 768w, https:\/\/www.lespigeonsvoyageurs.fr\/pvc\/wp-content\/uploads\/2023\/01\/20221030_163757-1536x747.jpg 1536w, https:\/\/www.lespigeonsvoyageurs.fr\/pvc\/wp-content\/uploads\/2023\/01\/20221030_163757-2048x996.jpg 2048w\" sizes=\"(max-width: 1024px) 100vw, 1024px\" \/>\t\t\t\t\t\t\t\t\t\t\t\t\t\t\t<\/div>\n\t\t\t\t<\/div>\n\t\t\t\t\t<\/div>\n\t\t<\/div>\n\t\t\t\t<div class=\"elementor-column elementor-col-50 elementor-top-column elementor-element elementor-element-53b84ca\" data-id=\"53b84ca\" data-element_type=\"column\">\n\t\t\t<div class=\"elementor-widget-wrap elementor-element-populated\">\n\t\t\t\t\t\t<div class=\"elementor-element elementor-element-2107107 elementor-widget elementor-widget-image\" data-id=\"2107107\" data-element_type=\"widget\" data-widget_type=\"image.default\">\n\t\t\t\t<div class=\"elementor-widget-container\">\n\t\t\t\t\t\t\t\t\t\t\t\t\t\t\t<img loading=\"lazy\" decoding=\"async\" width=\"1024\" height=\"498\" src=\"https:\/\/www.lespigeonsvoyageurs.fr\/pvc\/wp-content\/uploads\/2023\/01\/20221030_170337-1024x498.jpg\" class=\"attachment-large size-large wp-image-277\" alt=\"\" srcset=\"https:\/\/www.lespigeonsvoyageurs.fr\/pvc\/wp-content\/uploads\/2023\/01\/20221030_170337-1024x498.jpg 1024w, https:\/\/www.lespigeonsvoyageurs.fr\/pvc\/wp-content\/uploads\/2023\/01\/20221030_170337-300x146.jpg 300w, https:\/\/www.lespigeonsvoyageurs.fr\/pvc\/wp-content\/uploads\/2023\/01\/20221030_170337-768x373.jpg 768w, https:\/\/www.lespigeonsvoyageurs.fr\/pvc\/wp-content\/uploads\/2023\/01\/20221030_170337-1536x746.jpg 1536w, https:\/\/www.lespigeonsvoyageurs.fr\/pvc\/wp-content\/uploads\/2023\/01\/20221030_170337-2048x995.jpg 2048w\" sizes=\"(max-width: 1024px) 100vw, 1024px\" \/>\t\t\t\t\t\t\t\t\t\t\t\t\t\t\t<\/div>\n\t\t\t\t<\/div>\n\t\t\t\t\t<\/div>\n\t\t<\/div>\n\t\t\t\t\t<\/div>\n\t\t<\/section>\n\t\t\t\t<section class=\"elementor-section elementor-top-section elementor-element elementor-element-976306e elementor-section-boxed elementor-section-height-default elementor-section-height-default\" data-id=\"976306e\" data-element_type=\"section\">\n\t\t\t\t\t\t<div class=\"elementor-container elementor-column-gap-default\">\n\t\t\t\t\t<div class=\"elementor-column elementor-col-100 elementor-top-column elementor-element elementor-element-d339a70\" data-id=\"d339a70\" data-element_type=\"column\">\n\t\t\t<div class=\"elementor-widget-wrap elementor-element-populated\">\n\t\t\t\t\t\t<div class=\"elementor-element elementor-element-592ee43 elementor-widget elementor-widget-heading\" data-id=\"592ee43\" data-element_type=\"widget\" data-widget_type=\"heading.default\">\n\t\t\t\t<div class=\"elementor-widget-container\">\n\t\t\t\t\t<h2 class=\"elementor-heading-title elementor-size-large\">A l'\u00e9cole et dans la presse<\/h2>\t\t\t\t<\/div>\n\t\t\t\t<\/div>\n\t\t\t\t\t<\/div>\n\t\t<\/div>\n\t\t\t\t\t<\/div>\n\t\t<\/section>\n\t\t\t\t<section class=\"elementor-section elementor-top-section elementor-element elementor-element-31cd705 elementor-section-boxed elementor-section-height-default elementor-section-height-default\" data-id=\"31cd705\" data-element_type=\"section\">\n\t\t\t\t\t\t<div class=\"elementor-container elementor-column-gap-default\">\n\t\t\t\t\t<div class=\"elementor-column elementor-col-50 elementor-top-column elementor-element elementor-element-025022e\" data-id=\"025022e\" data-element_type=\"column\">\n\t\t\t<div class=\"elementor-widget-wrap elementor-element-populated\">\n\t\t\t\t\t\t<div class=\"elementor-element elementor-element-e5cc23a elementor-widget elementor-widget-text-editor\" data-id=\"e5cc23a\" data-element_type=\"widget\" data-widget_type=\"text-editor.default\">\n\t\t\t\t<div class=\"elementor-widget-container\">\n\t\t\t\t\t\t\t\t\t<h5 style=\"margin-bottom: 0px; font-size: var(--h4fontsize); font-weight: var( --e-global-typography-primary-font-weight ); font-family: var( --e-global-typography-primary-font-family ), Sans-serif; line-height: 1; color: #a1a1a1; font-style: normal; text-align: center;\" data-elementor-setting-key=\"title\" data-pen-placeholder=\"\u00c9crivez ici...\">Ecole primaire SAUSSENAC 81 (04\/2019)<\/h5>\t\t\t\t\t\t\t\t<\/div>\n\t\t\t\t<\/div>\n\t\t\t\t<div class=\"elementor-element elementor-element-9740b4e elementor-widget elementor-widget-video\" data-id=\"9740b4e\" data-element_type=\"widget\" data-settings=\"{&quot;video_type&quot;:&quot;hosted&quot;,&quot;autoplay&quot;:&quot;yes&quot;,&quot;play_on_mobile&quot;:&quot;yes&quot;,&quot;mute&quot;:&quot;yes&quot;,&quot;loop&quot;:&quot;yes&quot;,&quot;controls&quot;:&quot;yes&quot;}\" data-widget_type=\"video.default\">\n\t\t\t\t<div class=\"elementor-widget-container\">\n\t\t\t\t\t\t\t<div class=\"e-hosted-video elementor-wrapper elementor-open-inline\">\n\t\t\t\t\t<video class=\"elementor-video\" src=\"https:\/\/www.lespigeonsvoyageurs.fr\/pvc\/wp-content\/uploads\/2023\/01\/colombealbigeoise.mp4\" autoplay=\"\" loop=\"\" controls=\"\" muted=\"muted\" playsinline=\"\" controlsList=\"nodownload\"><\/video>\n\t\t\t\t<\/div>\n\t\t\t\t\t\t<\/div>\n\t\t\t\t<\/div>\n\t\t\t\t<div class=\"elementor-element elementor-element-b9211d9 elementor-widget elementor-widget-text-editor\" data-id=\"b9211d9\" data-element_type=\"widget\" data-widget_type=\"text-editor.default\">\n\t\t\t\t<div class=\"elementor-widget-container\">\n\t\t\t\t\t\t\t\t\t<p><strong>La Colombe Albigeoise<\/strong>\u00a0a fait d\u00e9couvrir la colombophilie aux \u00e9l\u00e9ves et aux parents pr\u00e9sents. Apr\u00e9s la pose de messages d&rsquo;amour et de paix, les pigeons se sont envol\u00e9s vers leur colombier ..<\/p>\t\t\t\t\t\t\t\t<\/div>\n\t\t\t\t<\/div>\n\t\t\t\t\t<\/div>\n\t\t<\/div>\n\t\t\t\t<div class=\"elementor-column elementor-col-50 elementor-top-column elementor-element elementor-element-3a3df22\" data-id=\"3a3df22\" data-element_type=\"column\">\n\t\t\t<div class=\"elementor-widget-wrap elementor-element-populated\">\n\t\t\t\t\t\t<div class=\"elementor-element elementor-element-a5fc604 elementor-widget elementor-widget-text-editor\" data-id=\"a5fc604\" data-element_type=\"widget\" data-widget_type=\"text-editor.default\">\n\t\t\t\t<div class=\"elementor-widget-container\">\n\t\t\t\t\t\t\t\t\t<h4 style=\"text-align: center;\">La presse<br \/><a style=\"--linkdeco: underline; cursor: pointer; text-decoration-line: none; font-size: 16px; background-color: #ffffff;\" href=\"https:\/\/www.ladepeche.fr\/2020\/06\/24\/la-colombe-albigeoise-reprend-son-envol,8946492.php\" target=\"_blank\" rel=\"noopener\">Ladepeche du 24\/06\/2020<\/a><br style=\"color: #272626; font-size: 16px;\" \/><a style=\"--linkdeco: underline; cursor: pointer; text-decoration-line: none; font-size: 16px; background-color: #ffffff;\" href=\"https:\/\/www.ladepeche.fr\/2019\/03\/03\/la-colombe-albigeoise-se-porte-bien,8047168.php\" target=\"_blank\" rel=\"noopener\">Ladepeche du 03\/03\/2019<\/a><\/h4>\t\t\t\t\t\t\t\t<\/div>\n\t\t\t\t<\/div>\n\t\t\t\t\t<\/div>\n\t\t<\/div>\n\t\t\t\t\t<\/div>\n\t\t<\/section>\n\t\t\t\t<section class=\"elementor-section elementor-top-section elementor-element elementor-element-e9cb051 elementor-section-boxed elementor-section-height-default elementor-section-height-default\" data-id=\"e9cb051\" data-element_type=\"section\">\n\t\t\t\t\t\t<div class=\"elementor-container elementor-column-gap-default\">\n\t\t\t\t\t<div class=\"elementor-column elementor-col-100 elementor-top-column elementor-element elementor-element-37938b1\" data-id=\"37938b1\" data-element_type=\"column\">\n\t\t\t<div class=\"elementor-widget-wrap elementor-element-populated\">\n\t\t\t\t\t\t<div class=\"elementor-element elementor-element-deb8d00 elementor-widget elementor-widget-heading\" data-id=\"deb8d00\" data-element_type=\"widget\" data-widget_type=\"heading.default\">\n\t\t\t\t<div class=\"elementor-widget-container\">\n\t\t\t\t\t<h2 class=\"elementor-heading-title elementor-size-large\">Mise en loges 2022<\/h2>\t\t\t\t<\/div>\n\t\t\t\t<\/div>\n\t\t\t\t\t<\/div>\n\t\t<\/div>\n\t\t\t\t\t<\/div>\n\t\t<\/section>\n\t\t\t\t<section class=\"elementor-section elementor-top-section elementor-element elementor-element-8208540 elementor-section-boxed elementor-section-height-default elementor-section-height-default\" data-id=\"8208540\" data-element_type=\"section\">\n\t\t\t\t\t\t<div class=\"elementor-container elementor-column-gap-default\">\n\t\t\t\t\t<div class=\"elementor-column elementor-col-33 elementor-top-column elementor-element elementor-element-31b81fd\" data-id=\"31b81fd\" data-element_type=\"column\">\n\t\t\t<div class=\"elementor-widget-wrap elementor-element-populated\">\n\t\t\t\t\t\t<div class=\"elementor-element elementor-element-dbc6b2d elementor-widget elementor-widget-image\" data-id=\"dbc6b2d\" data-element_type=\"widget\" data-widget_type=\"image.default\">\n\t\t\t\t<div class=\"elementor-widget-container\">\n\t\t\t\t\t\t\t\t\t\t\t\t\t\t\t<img loading=\"lazy\" decoding=\"async\" width=\"768\" height=\"576\" src=\"https:\/\/www.lespigeonsvoyageurs.fr\/pvc\/wp-content\/uploads\/2023\/01\/22-miseenloges2.jpg\" class=\"attachment-large size-large wp-image-282\" alt=\"\" srcset=\"https:\/\/www.lespigeonsvoyageurs.fr\/pvc\/wp-content\/uploads\/2023\/01\/22-miseenloges2.jpg 768w, https:\/\/www.lespigeonsvoyageurs.fr\/pvc\/wp-content\/uploads\/2023\/01\/22-miseenloges2-300x225.jpg 300w\" sizes=\"(max-width: 768px) 100vw, 768px\" \/>\t\t\t\t\t\t\t\t\t\t\t\t\t\t\t<\/div>\n\t\t\t\t<\/div>\n\t\t\t\t\t<\/div>\n\t\t<\/div>\n\t\t\t\t<div class=\"elementor-column elementor-col-33 elementor-top-column elementor-element elementor-element-a34dc69\" data-id=\"a34dc69\" data-element_type=\"column\">\n\t\t\t<div class=\"elementor-widget-wrap elementor-element-populated\">\n\t\t\t\t\t\t<div class=\"elementor-element elementor-element-da7e854 elementor-widget elementor-widget-image\" data-id=\"da7e854\" data-element_type=\"widget\" data-widget_type=\"image.default\">\n\t\t\t\t<div class=\"elementor-widget-container\">\n\t\t\t\t\t\t\t\t\t\t\t\t\t\t\t<img loading=\"lazy\" decoding=\"async\" width=\"768\" height=\"576\" src=\"https:\/\/www.lespigeonsvoyageurs.fr\/pvc\/wp-content\/uploads\/2023\/01\/22-miseenloges3.jpg\" class=\"attachment-large size-large wp-image-283\" alt=\"\" srcset=\"https:\/\/www.lespigeonsvoyageurs.fr\/pvc\/wp-content\/uploads\/2023\/01\/22-miseenloges3.jpg 768w, https:\/\/www.lespigeonsvoyageurs.fr\/pvc\/wp-content\/uploads\/2023\/01\/22-miseenloges3-300x225.jpg 300w\" sizes=\"(max-width: 768px) 100vw, 768px\" \/>\t\t\t\t\t\t\t\t\t\t\t\t\t\t\t<\/div>\n\t\t\t\t<\/div>\n\t\t\t\t\t<\/div>\n\t\t<\/div>\n\t\t\t\t<div class=\"elementor-column elementor-col-33 elementor-top-column elementor-element elementor-element-7f6ca20\" data-id=\"7f6ca20\" data-element_type=\"column\">\n\t\t\t<div class=\"elementor-widget-wrap elementor-element-populated\">\n\t\t\t\t\t\t<div class=\"elementor-element elementor-element-93bd466 elementor-widget elementor-widget-image\" data-id=\"93bd466\" data-element_type=\"widget\" data-widget_type=\"image.default\">\n\t\t\t\t<div class=\"elementor-widget-container\">\n\t\t\t\t\t\t\t\t\t\t\t\t\t\t\t<img loading=\"lazy\" decoding=\"async\" width=\"768\" height=\"576\" src=\"https:\/\/www.lespigeonsvoyageurs.fr\/pvc\/wp-content\/uploads\/2023\/01\/22-miseenloges1.jpg\" class=\"attachment-large size-large wp-image-284\" alt=\"\" srcset=\"https:\/\/www.lespigeonsvoyageurs.fr\/pvc\/wp-content\/uploads\/2023\/01\/22-miseenloges1.jpg 768w, https:\/\/www.lespigeonsvoyageurs.fr\/pvc\/wp-content\/uploads\/2023\/01\/22-miseenloges1-300x225.jpg 300w\" sizes=\"(max-width: 768px) 100vw, 768px\" \/>\t\t\t\t\t\t\t\t\t\t\t\t\t\t\t<\/div>\n\t\t\t\t<\/div>\n\t\t\t\t\t<\/div>\n\t\t<\/div>\n\t\t\t\t\t<\/div>\n\t\t<\/section>\n\t\t\t\t<\/div>\n\t\t","protected":false},"excerpt":{"rendered":"<p>La Colombe Albigeoise Les champions Remise des prix intersoci\u00e9t\u00e9s Albi-Castres 2023 Remise des prix intersoci\u00e9t\u00e9s Albi-Castres 2023 Remise des prix 2022 Remise des prix 2019 Les lotos A l&rsquo;\u00e9cole et dans la presse Ecole primaire SAUSSENAC 81 (04\/2019) https:\/\/www.lespigeonsvoyageurs.fr\/pvc\/wp-content\/uploads\/2023\/01\/colombealbigeoise.mp4 La Colombe Albigeoise\u00a0a fait d\u00e9couvrir la colombophilie aux \u00e9l\u00e9ves et aux parents pr\u00e9sents. Apr\u00e9s la pose &hellip;<\/p>\n<p class=\"read-more\"> <a class=\"\" href=\"https:\/\/www.lespigeonsvoyageurs.fr\/pvc\/clubs-albi-media\/\"> <span class=\"screen-reader-text\">Clubs-Albi-M\u00e9dia<\/span> Lire la suite\u00a0\u00bb<\/a><\/p>\n","protected":false},"author":1,"featured_media":0,"parent":0,"menu_order":0,"comment_status":"closed","ping_status":"closed","template":"","meta":{"site-sidebar-layout":"no-sidebar","site-content-layout":"page-builder","ast-global-header-display":"","ast-main-header-display":"","ast-hfb-above-header-display":"","ast-hfb-below-header-display":"","ast-hfb-mobile-header-display":"","site-post-title":"disabled","ast-breadcrumbs-content":"","ast-featured-img":"disabled","footer-sml-layout":"","theme-transparent-header-meta":"","adv-header-id-meta":"","stick-header-meta":"","header-above-stick-meta":"","header-main-stick-meta":"","header-below-stick-meta":"","footnotes":""},"class_list":["post-187","page","type-page","status-publish","hentry"],"_links":{"self":[{"href":"https:\/\/www.lespigeonsvoyageurs.fr\/pvc\/wp-json\/wp\/v2\/pages\/187","targetHints":{"allow":["GET"]}}],"collection":[{"href":"https:\/\/www.lespigeonsvoyageurs.fr\/pvc\/wp-json\/wp\/v2\/pages"}],"about":[{"href":"https:\/\/www.lespigeonsvoyageurs.fr\/pvc\/wp-json\/wp\/v2\/types\/page"}],"author":[{"embeddable":true,"href":"https:\/\/www.lespigeonsvoyageurs.fr\/pvc\/wp-json\/wp\/v2\/users\/1"}],"replies":[{"embeddable":true,"href":"https:\/\/www.lespigeonsvoyageurs.fr\/pvc\/wp-json\/wp\/v2\/comments?post=187"}],"version-history":[{"count":20,"href":"https:\/\/www.lespigeonsvoyageurs.fr\/pvc\/wp-json\/wp\/v2\/pages\/187\/revisions"}],"predecessor-version":[{"id":3898,"href":"https:\/\/www.lespigeonsvoyageurs.fr\/pvc\/wp-json\/wp\/v2\/pages\/187\/revisions\/3898"}],"wp:attachment":[{"href":"https:\/\/www.lespigeonsvoyageurs.fr\/pvc\/wp-json\/wp\/v2\/media?parent=187"}],"curies":[{"name":"wp","href":"https:\/\/api.w.org\/{rel}","templated":true}]}}