{"id":9794,"date":"2025-08-29T15:24:19","date_gmt":"2025-08-29T13:24:19","guid":{"rendered":"https:\/\/www.lespigeonsvoyageurs.fr\/pvc\/?page_id=9794"},"modified":"2026-04-24T21:45:08","modified_gmt":"2026-04-24T19:45:08","slug":"liens","status":"publish","type":"page","link":"https:\/\/www.lespigeonsvoyageurs.fr\/pvc\/liens\/","title":{"rendered":"BoiteALiens"},"content":{"rendered":"\t\t<div data-elementor-type=\"wp-page\" data-elementor-id=\"9794\" class=\"elementor elementor-9794\">\n\t\t\t\t\t\t<section class=\"elementor-section elementor-top-section elementor-element elementor-element-90520e9 elementor-section-boxed elementor-section-height-default elementor-section-height-default\" data-id=\"90520e9\" data-element_type=\"section\">\n\t\t\t\t\t\t<div class=\"elementor-container elementor-column-gap-default\">\n\t\t\t\t\t<div class=\"elementor-column elementor-col-100 elementor-top-column elementor-element elementor-element-aae8633\" data-id=\"aae8633\" data-element_type=\"column\">\n\t\t\t<div class=\"elementor-widget-wrap elementor-element-populated\">\n\t\t\t\t\t\t<div class=\"elementor-element elementor-element-1017e85 animated-slow elementor-widget elementor-widget-heading\" data-id=\"1017e85\" data-element_type=\"widget\" data-settings=\"{&quot;_animation&quot;:&quot;none&quot;}\" data-widget_type=\"heading.default\">\n\t\t\t\t<div class=\"elementor-widget-container\">\n\t\t\t\t\t<h4 class=\"elementor-heading-title elementor-size-default\">F\u00e9d\u00e9rations internationales<\/h4>\t\t\t\t<\/div>\n\t\t\t\t<\/div>\n\t\t\t\t\t<\/div>\n\t\t<\/div>\n\t\t\t\t\t<\/div>\n\t\t<\/section>\n\t\t\t\t<section class=\"elementor-section elementor-top-section elementor-element elementor-element-01e649d elementor-section-boxed elementor-section-height-default elementor-section-height-default\" data-id=\"01e649d\" data-element_type=\"section\">\n\t\t\t\t\t\t<div class=\"elementor-container elementor-column-gap-default\">\n\t\t\t\t\t<div class=\"elementor-column elementor-col-100 elementor-top-column elementor-element elementor-element-24c8f96\" data-id=\"24c8f96\" data-element_type=\"column\">\n\t\t\t<div class=\"elementor-widget-wrap elementor-element-populated\">\n\t\t\t\t\t\t<section class=\"elementor-section elementor-inner-section elementor-element elementor-element-607abbd elementor-section-boxed elementor-section-height-default elementor-section-height-default\" data-id=\"607abbd\" data-element_type=\"section\">\n\t\t\t\t\t\t<div class=\"elementor-container elementor-column-gap-default\">\n\t\t\t\t\t<div class=\"elementor-column elementor-col-25 elementor-inner-column elementor-element elementor-element-fd05786\" data-id=\"fd05786\" data-element_type=\"column\">\n\t\t\t<div class=\"elementor-widget-wrap elementor-element-populated\">\n\t\t\t\t\t\t<div class=\"elementor-element elementor-element-52ac4d9 elementor-widget__width-initial elementor-widget elementor-widget-image\" data-id=\"52ac4d9\" data-element_type=\"widget\" data-widget_type=\"image.default\">\n\t\t\t\t<div class=\"elementor-widget-container\">\n\t\t\t\t\t\t\t\t\t\t\t\t\t\t\t\t<a href=\"https:\/\/www.colombophiliefr.com\/\" target=\"_blank\">\n\t\t\t\t\t\t\t<img decoding=\"async\" width=\"150\" height=\"150\" src=\"https:\/\/www.lespigeonsvoyageurs.fr\/pvc\/wp-content\/uploads\/2023\/02\/FCF-150x150.png\" class=\"elementor-animation-grow attachment-thumbnail size-thumbnail wp-image-1959\" alt=\"\" \/>\t\t\t\t\t\t\t\t<\/a>\n\t\t\t\t\t\t\t\t\t\t\t\t\t\t\t<\/div>\n\t\t\t\t<\/div>\n\t\t\t\t\t<\/div>\n\t\t<\/div>\n\t\t\t\t<div class=\"elementor-column elementor-col-25 elementor-inner-column elementor-element elementor-element-d4ac3cf\" data-id=\"d4ac3cf\" data-element_type=\"column\">\n\t\t\t<div class=\"elementor-widget-wrap elementor-element-populated\">\n\t\t\t\t\t\t<div class=\"elementor-element elementor-element-c7a0bc8 elementor-align-left elementor-widget elementor-widget-button\" data-id=\"c7a0bc8\" data-element_type=\"widget\" data-widget_type=\"button.default\">\n\t\t\t\t<div class=\"elementor-widget-container\">\n\t\t\t\t\t\t\t\t\t<div class=\"elementor-button-wrapper\">\n\t\t\t\t\t<a class=\"elementor-button elementor-button-link elementor-size-sm elementor-animation-grow\" href=\"https:\/\/www.colombophiliefr.com\/\" target=\"_blank\">\n\t\t\t\t\t\t<span class=\"elementor-button-content-wrapper\">\n\t\t\t\t\t\t<span class=\"elementor-button-icon\">\n\t\t\t\t<i aria-hidden=\"true\" class=\"fas fa-graduation-cap\"><\/i>\t\t\t<\/span>\n\t\t\t\t\t\t\t\t\t<span class=\"elementor-button-text\">France<\/span>\n\t\t\t\t\t<\/span>\n\t\t\t\t\t<\/a>\n\t\t\t\t<\/div>\n\t\t\t\t\t\t\t\t<\/div>\n\t\t\t\t<\/div>\n\t\t\t\t<div class=\"elementor-element elementor-element-6c787ef elementor-align-left elementor-widget__width-initial elementor-widget elementor-widget-button\" data-id=\"6c787ef\" data-element_type=\"widget\" data-widget_type=\"button.default\">\n\t\t\t\t<div class=\"elementor-widget-container\">\n\t\t\t\t\t\t\t\t\t<div class=\"elementor-button-wrapper\">\n\t\t\t\t\t<a class=\"elementor-button elementor-button-link elementor-size-sm elementor-animation-grow\" href=\"https:\/\/www.pigeonsfci.net\/\" target=\"_blank\">\n\t\t\t\t\t\t<span class=\"elementor-button-content-wrapper\">\n\t\t\t\t\t\t<span class=\"elementor-button-icon\">\n\t\t\t\t<i aria-hidden=\"true\" class=\"fas fa-graduation-cap\"><\/i>\t\t\t<\/span>\n\t\t\t\t\t\t\t\t\t<span class=\"elementor-button-text\">International<\/span>\n\t\t\t\t\t<\/span>\n\t\t\t\t\t<\/a>\n\t\t\t\t<\/div>\n\t\t\t\t\t\t\t\t<\/div>\n\t\t\t\t<\/div>\n\t\t\t\t\t<\/div>\n\t\t<\/div>\n\t\t\t\t<div class=\"elementor-column elementor-col-25 elementor-inner-column elementor-element elementor-element-2f05c30\" data-id=\"2f05c30\" data-element_type=\"column\">\n\t\t\t<div class=\"elementor-widget-wrap elementor-element-populated\">\n\t\t\t\t\t\t<div class=\"elementor-element elementor-element-c6ee570 elementor-align-left elementor-widget elementor-widget-button\" data-id=\"c6ee570\" data-element_type=\"widget\" data-widget_type=\"button.default\">\n\t\t\t\t<div class=\"elementor-widget-container\">\n\t\t\t\t\t\t\t\t\t<div class=\"elementor-button-wrapper\">\n\t\t\t\t\t<a class=\"elementor-button elementor-button-link elementor-size-sm elementor-animation-grow\" href=\"http:\/\/www.brieftaube.de\/\" target=\"_blank\">\n\t\t\t\t\t\t<span class=\"elementor-button-content-wrapper\">\n\t\t\t\t\t\t<span class=\"elementor-button-icon\">\n\t\t\t\t<i aria-hidden=\"true\" class=\"fas fa-graduation-cap\"><\/i>\t\t\t<\/span>\n\t\t\t\t\t\t\t\t\t<span class=\"elementor-button-text\">Allemagne<\/span>\n\t\t\t\t\t<\/span>\n\t\t\t\t\t<\/a>\n\t\t\t\t<\/div>\n\t\t\t\t\t\t\t\t<\/div>\n\t\t\t\t<\/div>\n\t\t\t\t<div class=\"elementor-element elementor-element-c5f5c45 elementor-align-left elementor-widget elementor-widget-button\" data-id=\"c5f5c45\" data-element_type=\"widget\" data-widget_type=\"button.default\">\n\t\t\t\t<div class=\"elementor-widget-container\">\n\t\t\t\t\t\t\t\t\t<div class=\"elementor-button-wrapper\">\n\t\t\t\t\t<a class=\"elementor-button elementor-button-link elementor-size-sm elementor-animation-grow\" href=\"http:\/\/www.kbdb.be\" target=\"_blank\">\n\t\t\t\t\t\t<span class=\"elementor-button-content-wrapper\">\n\t\t\t\t\t\t<span class=\"elementor-button-icon\">\n\t\t\t\t<i aria-hidden=\"true\" class=\"fas fa-graduation-cap\"><\/i>\t\t\t<\/span>\n\t\t\t\t\t\t\t\t\t<span class=\"elementor-button-text\">Belgique<\/span>\n\t\t\t\t\t<\/span>\n\t\t\t\t\t<\/a>\n\t\t\t\t<\/div>\n\t\t\t\t\t\t\t\t<\/div>\n\t\t\t\t<\/div>\n\t\t\t\t<div class=\"elementor-element elementor-element-2f7c3e5 elementor-align-left elementor-widget elementor-widget-button\" data-id=\"2f7c3e5\" data-element_type=\"widget\" data-widget_type=\"button.default\">\n\t\t\t\t<div class=\"elementor-widget-container\">\n\t\t\t\t\t\t\t\t\t<div class=\"elementor-button-wrapper\">\n\t\t\t\t\t<a class=\"elementor-button elementor-button-link elementor-size-sm elementor-animation-grow\" href=\"http:\/\/www.colomboviaggiatore.it\/\" target=\"_blank\">\n\t\t\t\t\t\t<span class=\"elementor-button-content-wrapper\">\n\t\t\t\t\t\t<span class=\"elementor-button-icon\">\n\t\t\t\t<i aria-hidden=\"true\" class=\"fas fa-graduation-cap\"><\/i>\t\t\t<\/span>\n\t\t\t\t\t\t\t\t\t<span class=\"elementor-button-text\">Italie<\/span>\n\t\t\t\t\t<\/span>\n\t\t\t\t\t<\/a>\n\t\t\t\t<\/div>\n\t\t\t\t\t\t\t\t<\/div>\n\t\t\t\t<\/div>\n\t\t\t\t\t<\/div>\n\t\t<\/div>\n\t\t\t\t<div class=\"elementor-column elementor-col-25 elementor-inner-column elementor-element elementor-element-4142935\" data-id=\"4142935\" data-element_type=\"column\">\n\t\t\t<div class=\"elementor-widget-wrap elementor-element-populated\">\n\t\t\t\t\t\t<div class=\"elementor-element elementor-element-0473b8d elementor-align-left elementor-widget elementor-widget-button\" data-id=\"0473b8d\" data-element_type=\"widget\" data-widget_type=\"button.default\">\n\t\t\t\t<div class=\"elementor-widget-container\">\n\t\t\t\t\t\t\t\t\t<div class=\"elementor-button-wrapper\">\n\t\t\t\t\t<a class=\"elementor-button elementor-button-link elementor-size-sm elementor-animation-grow\" href=\"https:\/\/www.rpra.org\/\" target=\"_blank\">\n\t\t\t\t\t\t<span class=\"elementor-button-content-wrapper\">\n\t\t\t\t\t\t<span class=\"elementor-button-icon\">\n\t\t\t\t<i aria-hidden=\"true\" class=\"fas fa-graduation-cap\"><\/i>\t\t\t<\/span>\n\t\t\t\t\t\t\t\t\t<span class=\"elementor-button-text\">Angleterre<\/span>\n\t\t\t\t\t<\/span>\n\t\t\t\t\t<\/a>\n\t\t\t\t<\/div>\n\t\t\t\t\t\t\t\t<\/div>\n\t\t\t\t<\/div>\n\t\t\t\t<div class=\"elementor-element elementor-element-71e0c66 elementor-align-left elementor-widget elementor-widget-button\" data-id=\"71e0c66\" data-element_type=\"widget\" data-widget_type=\"button.default\">\n\t\t\t\t<div class=\"elementor-widget-container\">\n\t\t\t\t\t\t\t\t\t<div class=\"elementor-button-wrapper\">\n\t\t\t\t\t<a class=\"elementor-button elementor-button-link elementor-size-sm elementor-animation-grow\" href=\"http:\/\/www.realfede.com\" target=\"_blank\">\n\t\t\t\t\t\t<span class=\"elementor-button-content-wrapper\">\n\t\t\t\t\t\t<span class=\"elementor-button-icon\">\n\t\t\t\t<i aria-hidden=\"true\" class=\"fas fa-graduation-cap\"><\/i>\t\t\t<\/span>\n\t\t\t\t\t\t\t\t\t<span class=\"elementor-button-text\">Espagne<\/span>\n\t\t\t\t\t<\/span>\n\t\t\t\t\t<\/a>\n\t\t\t\t<\/div>\n\t\t\t\t\t\t\t\t<\/div>\n\t\t\t\t<\/div>\n\t\t\t\t<div class=\"elementor-element elementor-element-e8f7eb3 elementor-align-left elementor-widget elementor-widget-button\" data-id=\"e8f7eb3\" data-element_type=\"widget\" data-widget_type=\"button.default\">\n\t\t\t\t<div class=\"elementor-widget-container\">\n\t\t\t\t\t\t\t\t\t<div class=\"elementor-button-wrapper\">\n\t\t\t\t\t<a class=\"elementor-button elementor-button-link elementor-size-sm elementor-animation-grow\" href=\"http:\/\/www.fpcolumbofilia.pt\" target=\"_blank\">\n\t\t\t\t\t\t<span class=\"elementor-button-content-wrapper\">\n\t\t\t\t\t\t<span class=\"elementor-button-icon\">\n\t\t\t\t<i aria-hidden=\"true\" class=\"fas fa-graduation-cap\"><\/i>\t\t\t<\/span>\n\t\t\t\t\t\t\t\t\t<span class=\"elementor-button-text\">Portugal<\/span>\n\t\t\t\t\t<\/span>\n\t\t\t\t\t<\/a>\n\t\t\t\t<\/div>\n\t\t\t\t\t\t\t\t<\/div>\n\t\t\t\t<\/div>\n\t\t\t\t\t<\/div>\n\t\t<\/div>\n\t\t\t\t\t<\/div>\n\t\t<\/section>\n\t\t\t\t\t<\/div>\n\t\t<\/div>\n\t\t\t\t\t<\/div>\n\t\t<\/section>\n\t\t\t\t<section class=\"elementor-section elementor-top-section elementor-element elementor-element-cb2c410 elementor-section-boxed elementor-section-height-default elementor-section-height-default\" data-id=\"cb2c410\" data-element_type=\"section\">\n\t\t\t\t\t\t<div class=\"elementor-container elementor-column-gap-default\">\n\t\t\t\t\t<div class=\"elementor-column elementor-col-25 elementor-top-column elementor-element elementor-element-72210c6\" data-id=\"72210c6\" data-element_type=\"column\">\n\t\t\t<div class=\"elementor-widget-wrap elementor-element-populated\">\n\t\t\t\t\t\t<div class=\"elementor-element elementor-element-5517eae animated-slow elementor-widget elementor-widget-heading\" data-id=\"5517eae\" data-element_type=\"widget\" data-settings=\"{&quot;_animation&quot;:&quot;none&quot;}\" data-widget_type=\"heading.default\">\n\t\t\t\t<div class=\"elementor-widget-container\">\n\t\t\t\t\t<h4 class=\"elementor-heading-title elementor-size-default\">R\u00e9gions<\/h4>\t\t\t\t<\/div>\n\t\t\t\t<\/div>\n\t\t\t\t<div class=\"elementor-element elementor-element-dabf0ea elementor-widget elementor-widget-text-editor\" data-id=\"dabf0ea\" data-element_type=\"widget\" data-widget_type=\"text-editor.default\">\n\t\t\t\t<div class=\"elementor-widget-container\">\n\t\t\t\t\t\t\t\t\t<p><a href=\"https:\/\/colombophilienpdc.com\/pigeon-voyageur-historique\/\" target=\"_blank\" rel=\"noopener\">01\u00b0: Nord Pas De Calais<\/a><br \/><a href=\"https:\/\/www.facebook.com\/groups\/3169358523343740\/\" target=\"_blank\" rel=\"noopener\">02\u00b0: Picardie<\/a><br \/><a href=\"https:\/\/federationcolombophilenormande.com\/\" target=\"_blank\" rel=\"noopener\">03\u00b0: Normandie<\/a><br \/><a href=\"https:\/\/www.marcel-esnault.fr\/region.php\" target=\"_blank\" rel=\"noopener\">10\u00b0: Bretagne<\/a><br \/><a href=\"https:\/\/laonziemeregion.kazeo.com\/\" target=\"_blank\" rel=\"noopener\">11\u00b0: Pays de la Loire<\/a><br \/><a href=\"https:\/\/www.pigeons-voyageurs-12r.com\/\" target=\"_blank\" rel=\"noopener\">12\u00b0:\u00a0 Charente..<\/a><br \/><a href=\"https:\/\/www.federationcolombophilenouvelleregion.com\/\" target=\"_blank\" rel=\"noopener\">Nouvelle<\/a><\/p>\t\t\t\t\t\t\t\t<\/div>\n\t\t\t\t<\/div>\n\t\t\t\t\t<\/div>\n\t\t<\/div>\n\t\t\t\t<div class=\"elementor-column elementor-col-25 elementor-top-column elementor-element elementor-element-690d8f8\" data-id=\"690d8f8\" data-element_type=\"column\">\n\t\t\t<div class=\"elementor-widget-wrap elementor-element-populated\">\n\t\t\t\t\t\t<div class=\"elementor-element elementor-element-30b5065 animated-slow elementor-widget elementor-widget-heading\" data-id=\"30b5065\" data-element_type=\"widget\" data-settings=\"{&quot;_animation&quot;:&quot;none&quot;}\" data-widget_type=\"heading.default\">\n\t\t\t\t<div class=\"elementor-widget-container\">\n\t\t\t\t\t<h4 class=\"elementor-heading-title elementor-size-default\">Groupements<\/h4>\t\t\t\t<\/div>\n\t\t\t\t<\/div>\n\t\t\t\t<div class=\"elementor-element elementor-element-56a3935 elementor-widget elementor-widget-text-editor\" data-id=\"56a3935\" data-element_type=\"widget\" data-widget_type=\"text-editor.default\">\n\t\t\t\t<div class=\"elementor-widget-container\">\n\t\t\t\t\t\t\t\t\t<p><a href=\"https:\/\/www.colombophile-du-02.com\/\" target=\"_blank\" rel=\"noopener\">Aisne<\/a><br \/><a style=\"background-color: #ffffff; color: #0170b9; transition-property: all;\" href=\"https:\/\/www.facebook.com\/gptbethune\/?locale=fr_FR\" target=\"_blank\" rel=\"noopener\">B\u00e9thunes<\/a><br \/><a style=\"font-size: 1rem; background-color: #ffffff; color: #0170b9;\" href=\"http:\/\/www.groupementboulogne.com\/\" target=\"_blank\" rel=\"noopener\">Boulogne\/Mer<\/a><br \/><a style=\"background-color: #ffffff; color: #0170b9; transition-property: all;\" href=\"https:\/\/asineriedelabaie.wixsite.com\/website-1\" target=\"_blank\" rel=\"noopener\">Bri\u00e8re<\/a><br \/><a style=\"background-color: #ffffff; color: #0170b9; transition-property: all;\" href=\"https:\/\/groupement-de-calais.asso-web.com\/\" target=\"_blank\" rel=\"noopener\">Calais<\/a><br \/><a style=\"background-color: #ffffff; color: #0170b9; transition-property: all;\" href=\"https:\/\/groupementdedunkerque.asso-web.com\/54+dunkerque.html\" target=\"_blank\" rel=\"noopener\">Dunkerque<\/a><br \/><a style=\"background-color: #ffffff; color: #0170b9; transition-property: all;\" href=\"https:\/\/marcelesnault22.wixsite.com\/groupement-colomboph\" target=\"_blank\" rel=\"noopener\">Ille &amp; Vilaine<\/a><br \/><a style=\"background-color: #ffffff; color: #0170b9; transition-property: all;\" href=\"https:\/\/groupement-colombophile-de-lille.asso-web.com\/\" target=\"_blank\" rel=\"noopener\">Lille<\/a><br \/><a style=\"background-color: #ffffff; color: #0170b9; transition-property: all;\" href=\"http:\/\/pigeonnier.doomby.com\/\" target=\"_blank\" rel=\"noopener\">Loire Atlantique<\/a><br \/><a style=\"background-color: #ffffff; color: #0170b9; transition-property: all;\" href=\"https:\/\/www.ucml-49.com\/\" target=\"_blank\" rel=\"noopener\">Maine et Loire<\/a><br \/><a style=\"background-color: #ffffff; color: #0170b9; transition-property: all;\" href=\"https:\/\/pigeon-voyageur-manche.webnode.fr\/\" target=\"_blank\" rel=\"noopener\">Manche<\/a><br \/><a style=\"background-color: #ffffff; color: #0170b9; transition-property: all;\" href=\"https:\/\/www.facebook.com\/p\/Groupement-colombophile-Marcel-Dacquet-15%C3%A9me-r%C3%A9gion-100067310991094\/\" target=\"_blank\" rel=\"noopener\">Marcel Dacquet<\/a><br \/><a style=\"background-color: #ffffff; color: #0170b9; transition-property: all;\" href=\"https:\/\/www.groupementcolombophiledeloise.fr\/\" target=\"_blank\" rel=\"noopener\">Oise<\/a><br \/><a style=\"background-color: #ffffff; color: #3a3a3a; transition-property: all; outline: 0px;\" href=\"http:\/\/www.pigeonaudomarois.com\/\" target=\"_blank\" rel=\"noopener\">Saint-Omer<\/a><br \/><a style=\"background-color: #ffffff; color: #0170b9; transition-property: all;\" href=\"https:\/\/www.lacolombophilieensomme.com\/\" target=\"_blank\" rel=\"noopener\">Somme<\/a><br \/><a style=\"background-color: #ffffff; color: #3a3a3a; transition-property: all; outline: 0px;\" href=\"https:\/\/groupementsudmontagnard.jimdofree.com\/\" target=\"_blank\" rel=\"noopener\">Sud Montagnard<\/a><br \/><a style=\"background-color: #ffffff; color: #0170b9; transition-property: all;\" href=\"https:\/\/gptvendee.e-monsite.com\/\" target=\"_blank\" rel=\"noopener\">Vend\u00e9e<\/a><\/p>\t\t\t\t\t\t\t\t<\/div>\n\t\t\t\t<\/div>\n\t\t\t\t\t<\/div>\n\t\t<\/div>\n\t\t\t\t<div class=\"elementor-column elementor-col-25 elementor-top-column elementor-element elementor-element-66d6e17\" data-id=\"66d6e17\" data-element_type=\"column\">\n\t\t\t<div class=\"elementor-widget-wrap elementor-element-populated\">\n\t\t\t\t\t\t<div class=\"elementor-element elementor-element-e06e70f animated-slow elementor-widget elementor-widget-heading\" data-id=\"e06e70f\" data-element_type=\"widget\" data-settings=\"{&quot;_animation&quot;:&quot;none&quot;}\" data-widget_type=\"heading.default\">\n\t\t\t\t<div class=\"elementor-widget-container\">\n\t\t\t\t\t<h4 class=\"elementor-heading-title elementor-size-default\">Divers 1<\/h4>\t\t\t\t<\/div>\n\t\t\t\t<\/div>\n\t\t\t\t<div class=\"elementor-element elementor-element-10927cf elementor-widget elementor-widget-text-editor\" data-id=\"10927cf\" data-element_type=\"widget\" data-widget_type=\"text-editor.default\">\n\t\t\t\t<div class=\"elementor-widget-container\">\n\t\t\t\t\t\t\t\t\t<p><a style=\"background-color: #ffffff; color: #0170b9; transition-property: all;\" href=\"https:\/\/www.lespigeonsvoyageurs.fr\/pvc\/\" target=\"_blank\" rel=\"noopener\">Les Pigeons Voyageurs de Castres<\/a><br \/><a style=\"background-color: #ffffff; color: #0170b9; transition-property: all;\" href=\"https:\/\/www.pigeonvoyageur.fr\/index.php\" target=\"_blank\" rel=\"noopener\">Entente Midi Pyr\u00e9n\u00e9es<\/a><br \/><a href=\"http:\/\/www.lescheminots.net\/\" target=\"_blank\" rel=\"noopener\">Les cheminots d&rsquo;Aulnoye<\/a><br \/><a href=\"https:\/\/luh59199.canalblog.com\/\" target=\"_blank\" rel=\"noopener\">Local unique Hergnies<\/a><br \/><a href=\"https:\/\/ectn-site.sitego.fr\/\" target=\"_blank\" rel=\"noopener\">Etoile colombophile Tourquenoise et Neuvilloise<\/a><br \/><a href=\"http:\/\/sgc14.free.fr\/pages\/pigeon1pag.html\" target=\"_blank\" rel=\"noopener\">R\u00e9gion 14\u00b0: Sous groupement Central\u00a0<\/a><br \/><a href=\"http:\/\/lemessagerdelamontagne.wifeo.com\/\" target=\"_blank\" rel=\"noopener\">Le Messager de la Montagne (59)<\/a><br \/><a href=\"https:\/\/alcbourbourg.asso-web.com\/\" target=\"_blank\" rel=\"noopener\">ALC Bourbourg<\/a><br \/><a href=\"https:\/\/metropole-sud.asso-web.com\/\" target=\"_blank\" rel=\"noopener\">Club Colombophile M\u00e9tropole Sud<\/a><br \/><a href=\"https:\/\/sites.google.com\/view\/le-messager-du-bas-limousin\/accueil\" target=\"_blank\" rel=\"noopener\">Le Messager du Bas Limousin<\/a><br \/><a href=\"https:\/\/mcgc.fr\/\" target=\"_blank\" rel=\"noopener\">Le Marathon Club Du Grand Centre<\/a><\/p>\t\t\t\t\t\t\t\t<\/div>\n\t\t\t\t<\/div>\n\t\t\t\t\t<\/div>\n\t\t<\/div>\n\t\t\t\t<div class=\"elementor-column elementor-col-25 elementor-top-column elementor-element elementor-element-201298d\" data-id=\"201298d\" data-element_type=\"column\">\n\t\t\t<div class=\"elementor-widget-wrap elementor-element-populated\">\n\t\t\t\t\t\t<div class=\"elementor-element elementor-element-71d9e5d animated-slow elementor-widget elementor-widget-heading\" data-id=\"71d9e5d\" data-element_type=\"widget\" data-settings=\"{&quot;_animation&quot;:&quot;none&quot;}\" data-widget_type=\"heading.default\">\n\t\t\t\t<div class=\"elementor-widget-container\">\n\t\t\t\t\t<h4 class=\"elementor-heading-title elementor-size-default\">Divers 2<\/h4>\t\t\t\t<\/div>\n\t\t\t\t<\/div>\n\t\t\t\t<div class=\"elementor-element elementor-element-5f5ef10 elementor-widget elementor-widget-text-editor\" data-id=\"5f5ef10\" data-element_type=\"widget\" data-widget_type=\"text-editor.default\">\n\t\t\t\t<div class=\"elementor-widget-container\">\n\t\t\t\t\t\t\t\t\t<p><a href=\"https:\/\/lesamisreunis.fr.gd\/\" target=\"_blank\" rel=\"noopener\">Club Colombophile Les Amis R\u00e9unis de Toufflers<\/a><br \/><a href=\"https:\/\/acim50.webnode.fr\/\" target=\"_blank\" rel=\"noopener\">Inters De La Manche<\/a><br \/><a href=\"http:\/\/ccfldunkerque.wifeo.com\/\" target=\"_blank\" rel=\"noopener\">Club Colombophile de Fond du Littoral<\/a><br \/><a href=\"https:\/\/alcn3r.jimdofree.com\/\" target=\"_blank\" rel=\"noopener\">ALC de Normandie<\/a><br \/><a href=\"http:\/\/pigeons-voyageurs-limoges.fr\/\" target=\"_blank\" rel=\"noopener\">Association Colombophile de Limoges<\/a><br \/><a href=\"http:\/\/colombophilejonquierois.wifeo.com\/\" target=\"_blank\" rel=\"noopener\">Cercle Colombophile Jonquierois<\/a><br \/><a href=\"http:\/\/la.colombophilie.free.fr\/?fbclid=IwY2xjawMey-pleHRuA2FlbQIxMABicmlkETBIWFBXMWFtQmZ3enJONmVMAR7QY5NOQ14uqFEpeht0ICZ3q8eDTrLdzps8ZQer-0vgicf7mDH22qvp6i8iKw_aem_2qakldbhjfzx1bERo_Sg2g\" target=\"_blank\" rel=\"noopener\">Colombophilie du Sud de la France<\/a><br \/><a href=\"https:\/\/lecolombiercailaren.fr\/\" target=\"_blank\" rel=\"noopener\">Le Colombier Cal\u00e9rien<\/a><br \/><a href=\"https:\/\/www.constateur.com\/index.html\" target=\"_blank\" rel=\"noopener\">Mus\u00e9e de la colombophilie<\/a><br \/><a style=\"color: #0170b9; transition-property: all;\" href=\"http:\/\/lcif.fr\/\" target=\"_blank\" rel=\"noopener\">Club des internationaux fran\u00e7ais<\/a><br \/><a style=\"color: #0170b9; transition-property: all;\" href=\"https:\/\/www.francolomb.com\/fr\/\" target=\"_blank\" rel=\"noopener\">Francolomb<\/a><br \/><a style=\"color: #0170b9; transition-property: all;\" href=\"https:\/\/unioncolombophilebedee.jimdofree.com\/\" target=\"_blank\" rel=\"noopener\">Union colombophile B\u00e9d\u00e9e (35)<\/a><\/p>\t\t\t\t\t\t\t\t<\/div>\n\t\t\t\t<\/div>\n\t\t\t\t\t<\/div>\n\t\t<\/div>\n\t\t\t\t\t<\/div>\n\t\t<\/section>\n\t\t\t\t<section class=\"elementor-section elementor-top-section elementor-element elementor-element-fdbc2b0 elementor-section-boxed elementor-section-height-default elementor-section-height-default\" data-id=\"fdbc2b0\" data-element_type=\"section\">\n\t\t\t\t\t\t<div class=\"elementor-container elementor-column-gap-default\">\n\t\t\t\t\t<div class=\"elementor-column elementor-col-100 elementor-top-column elementor-element elementor-element-8aa2ec1\" data-id=\"8aa2ec1\" data-element_type=\"column\">\n\t\t\t<div class=\"elementor-widget-wrap elementor-element-populated\">\n\t\t\t\t\t\t<div class=\"elementor-element elementor-element-f48ae93 elementor-widget elementor-widget-text-editor\" data-id=\"f48ae93\" data-element_type=\"widget\" data-widget_type=\"text-editor.default\">\n\t\t\t\t<div class=\"elementor-widget-container\">\n\t\t\t\t\t\t\t\t\t<p style=\"text-align: center;\"><a href=\"https:\/\/www.lespigeonsvoyageurs.fr\/pvc\/castres-contact\/\">Signaler un lien d\u00e9fectueux OU Ajouter un lien<\/a>.<\/p>\t\t\t\t\t\t\t\t<\/div>\n\t\t\t\t<\/div>\n\t\t\t\t\t<\/div>\n\t\t<\/div>\n\t\t\t\t\t<\/div>\n\t\t<\/section>\n\t\t\t\t<\/div>\n\t\t","protected":false},"excerpt":{"rendered":"<p>F\u00e9d\u00e9rations internationales France International Allemagne Belgique Italie Angleterre Espagne Portugal R\u00e9gions 01\u00b0: Nord Pas De Calais02\u00b0: Picardie03\u00b0: Normandie10\u00b0: Bretagne11\u00b0: Pays de la Loire12\u00b0:\u00a0 Charente..Nouvelle Groupements AisneB\u00e9thunesBoulogne\/MerBri\u00e8reCalaisDunkerqueIlle &amp; VilaineLilleLoire AtlantiqueMaine et LoireMancheMarcel DacquetOiseSaint-OmerSommeSud MontagnardVend\u00e9e Divers 1 Les Pigeons Voyageurs de CastresEntente Midi Pyr\u00e9n\u00e9esLes cheminots d&rsquo;AulnoyeLocal unique HergniesEtoile colombophile Tourquenoise et NeuvilloiseR\u00e9gion 14\u00b0: Sous groupement Central\u00a0Le Messager &hellip;<\/p>\n<p class=\"read-more\"> <a class=\"\" href=\"https:\/\/www.lespigeonsvoyageurs.fr\/pvc\/liens\/\"> <span class=\"screen-reader-text\">BoiteALiens<\/span> Lire la suite\u00a0\u00bb<\/a><\/p>\n","protected":false},"author":1,"featured_media":0,"parent":0,"menu_order":0,"comment_status":"closed","ping_status":"closed","template":"","meta":{"site-sidebar-layout":"no-sidebar","site-content-layout":"page-builder","ast-global-header-display":"","ast-main-header-display":"","ast-hfb-above-header-display":"","ast-hfb-below-header-display":"","ast-hfb-mobile-header-display":"","site-post-title":"disabled","ast-breadcrumbs-content":"","ast-featured-img":"disabled","footer-sml-layout":"","theme-transparent-header-meta":"","adv-header-id-meta":"","stick-header-meta":"","header-above-stick-meta":"","header-main-stick-meta":"","header-below-stick-meta":"","footnotes":""},"class_list":["post-9794","page","type-page","status-publish","hentry"],"_links":{"self":[{"href":"https:\/\/www.lespigeonsvoyageurs.fr\/pvc\/wp-json\/wp\/v2\/pages\/9794","targetHints":{"allow":["GET"]}}],"collection":[{"href":"https:\/\/www.lespigeonsvoyageurs.fr\/pvc\/wp-json\/wp\/v2\/pages"}],"about":[{"href":"https:\/\/www.lespigeonsvoyageurs.fr\/pvc\/wp-json\/wp\/v2\/types\/page"}],"author":[{"embeddable":true,"href":"https:\/\/www.lespigeonsvoyageurs.fr\/pvc\/wp-json\/wp\/v2\/users\/1"}],"replies":[{"embeddable":true,"href":"https:\/\/www.lespigeonsvoyageurs.fr\/pvc\/wp-json\/wp\/v2\/comments?post=9794"}],"version-history":[{"count":127,"href":"https:\/\/www.lespigeonsvoyageurs.fr\/pvc\/wp-json\/wp\/v2\/pages\/9794\/revisions"}],"predecessor-version":[{"id":10671,"href":"https:\/\/www.lespigeonsvoyageurs.fr\/pvc\/wp-json\/wp\/v2\/pages\/9794\/revisions\/10671"}],"wp:attachment":[{"href":"https:\/\/www.lespigeonsvoyageurs.fr\/pvc\/wp-json\/wp\/v2\/media?parent=9794"}],"curies":[{"name":"wp","href":"https:\/\/api.w.org\/{rel}","templated":true}]}}